{"id":28,"date":"2019-08-26T18:07:17","date_gmt":"2019-08-26T18:07:17","guid":{"rendered":"http:\/\/marie-namibia.achelpoehler.com\/?page_id=28"},"modified":"2019-11-27T18:35:16","modified_gmt":"2019-11-27T18:35:16","slug":"startseite","status":"publish","type":"page","link":"https:\/\/marie-namibia.achelpoehler.com\/","title":{"rendered":"Startseite"},"content":{"rendered":"<div class=\"layoutArea\">\n<div class=\"column\">\n<p>Lieber Besucher meines Blog&#8217;s,<\/p>\n<\/div>\n<\/div>\n<div class=\"layoutArea\">\n<div class=\"column\">\n<p>nach meinem Abitur an der Waldorfschule in Kaltenkirchen werde ich im Sommer 2019 f\u00fcr ein Jahr nach Namibia gehen. Ich habe dort eine Stelle als Freiwillige, an der Waldorfschule in Windhoek, angenommen.<\/p>\n<p>Ich habe mich f\u00fcr eine Waldorfschule in Afrika entschieden, weil mich zum einen der Kontinent sehr interessiert und zum anderen ich immer schon einmal wissen wollte, wie der Schulbetrieb einer Waldorfschule in Afrika aussieht.<br>Meine Hauptaufgabe vor Ort ist es im Kindergarten die Kinder zu betreuen und mit ihnen verschiedene Aktivit\u00e4ten zumachen.<\/p>\n<p>Mein Jahr in Afrika wird von den \u201eFreunden der Erziehungskunst Rudolf Steiners\u201c begleitet und unterst\u00fctzt. Diese Organisation unterst\u00fctzt soziale Projekt auf der ganzen Welt. Die Finanzierung der Projekte erfolgt haupts\u00e4chlich durch Privatspenden. Ein kleinerer Anteil der finanziellen Unterst\u00fctzung erfolgt durch die Bundesrepublik Deutschland.<\/p>\n<p>Mein Freiwilligendienst ist staatlich anerkannt und wird auch zu einem grossen Teil vom Deutschen Staat finanziert. Jeder Freiwillige dazu aufgerufen so viele Spenden wie m\u00f6glich zu sammeln, um seine\/ihre Einsatzstelle zu unterst\u00fctzten.&nbsp;<span style=\"font-size: inherit;\">Wie der Freiwillige die Spenden organisiert, obliegt jedem selber.<\/span><\/p>\n<\/div>\n<\/div>\n\n\n<figure class=\"wp-block-gallery aligncenter columns-3 is-cropped wp-block-gallery-1 is-layout-flex wp-block-gallery-is-layout-flex\"><ul class=\"blocks-gallery-grid\"><li class=\"blocks-gallery-item\"><figure><img loading=\"lazy\" decoding=\"async\" width=\"1024\" height=\"683\" src=\"https:\/\/marie-namibia.achelpoehler.com\/wp-content\/uploads\/2019\/11\/MG_0268-1024x683.jpeg\" alt=\"\" data-id=\"138\" data-full-url=\"https:\/\/marie-namibia.achelpoehler.com\/wp-content\/uploads\/2019\/11\/MG_0268-scaled.jpeg\" data-link=\"https:\/\/marie-namibia.achelpoehler.com\/index.php\/startseite\/mg_0268\/\" class=\"wp-image-138\" srcset=\"https:\/\/marie-namibia.achelpoehler.com\/wp-content\/uploads\/2019\/11\/MG_0268-1024x683.jpeg 1024w, https:\/\/marie-namibia.achelpoehler.com\/wp-content\/uploads\/2019\/11\/MG_0268-300x200.jpeg 300w, https:\/\/marie-namibia.achelpoehler.com\/wp-content\/uploads\/2019\/11\/MG_0268-768x512.jpeg 768w, https:\/\/marie-namibia.achelpoehler.com\/wp-content\/uploads\/2019\/11\/MG_0268-1536x1024.jpeg 1536w, https:\/\/marie-namibia.achelpoehler.com\/wp-content\/uploads\/2019\/11\/MG_0268-2048x1365.jpeg 2048w\" sizes=\"auto, (max-width: 767px) 89vw, (max-width: 1000px) 54vw, (max-width: 1071px) 543px, 580px\" \/><\/figure><\/li><li class=\"blocks-gallery-item\"><figure><img loading=\"lazy\" decoding=\"async\" width=\"1024\" height=\"683\" src=\"https:\/\/marie-namibia.achelpoehler.com\/wp-content\/uploads\/2019\/11\/MG_0264-1024x683.jpg\" alt=\"Unser Haus und unser Auto\" data-id=\"140\" data-full-url=\"https:\/\/marie-namibia.achelpoehler.com\/wp-content\/uploads\/2019\/11\/MG_0264-scaled.jpg\" data-link=\"https:\/\/marie-namibia.achelpoehler.com\/index.php\/startseite\/mg_0264\/\" class=\"wp-image-140\" srcset=\"https:\/\/marie-namibia.achelpoehler.com\/wp-content\/uploads\/2019\/11\/MG_0264-1024x683.jpg 1024w, https:\/\/marie-namibia.achelpoehler.com\/wp-content\/uploads\/2019\/11\/MG_0264-300x200.jpg 300w, https:\/\/marie-namibia.achelpoehler.com\/wp-content\/uploads\/2019\/11\/MG_0264-768x512.jpg 768w, https:\/\/marie-namibia.achelpoehler.com\/wp-content\/uploads\/2019\/11\/MG_0264-1536x1024.jpg 1536w, https:\/\/marie-namibia.achelpoehler.com\/wp-content\/uploads\/2019\/11\/MG_0264-2048x1365.jpg 2048w\" sizes=\"auto, (max-width: 767px) 89vw, (max-width: 1000px) 54vw, (max-width: 1071px) 543px, 580px\" \/><figcaption class=\"blocks-gallery-item__caption\">Unser Haus und unser Auto <\/figcaption><\/figure><\/li><li class=\"blocks-gallery-item\"><figure><img loading=\"lazy\" decoding=\"async\" width=\"1024\" height=\"683\" src=\"https:\/\/marie-namibia.achelpoehler.com\/wp-content\/uploads\/2019\/11\/MG_0266-1024x683.jpg\" alt=\"Die Primary School\" data-id=\"139\" data-full-url=\"https:\/\/marie-namibia.achelpoehler.com\/wp-content\/uploads\/2019\/11\/MG_0266-scaled.jpg\" data-link=\"https:\/\/marie-namibia.achelpoehler.com\/index.php\/startseite\/mg_0266\/\" class=\"wp-image-139\" srcset=\"https:\/\/marie-namibia.achelpoehler.com\/wp-content\/uploads\/2019\/11\/MG_0266-1024x683.jpg 1024w, https:\/\/marie-namibia.achelpoehler.com\/wp-content\/uploads\/2019\/11\/MG_0266-300x200.jpg 300w, https:\/\/marie-namibia.achelpoehler.com\/wp-content\/uploads\/2019\/11\/MG_0266-768x512.jpg 768w, https:\/\/marie-namibia.achelpoehler.com\/wp-content\/uploads\/2019\/11\/MG_0266-1536x1024.jpg 1536w, https:\/\/marie-namibia.achelpoehler.com\/wp-content\/uploads\/2019\/11\/MG_0266-2048x1365.jpg 2048w\" sizes=\"auto, (max-width: 767px) 89vw, (max-width: 1000px) 54vw, (max-width: 1071px) 543px, 580px\" \/><figcaption class=\"blocks-gallery-item__caption\">Die Primary School <\/figcaption><\/figure><\/li><li class=\"blocks-gallery-item\"><figure><img loading=\"lazy\" decoding=\"async\" width=\"1024\" height=\"683\" src=\"https:\/\/marie-namibia.achelpoehler.com\/wp-content\/uploads\/2019\/11\/MG_0327-1024x683.jpg\" alt=\"Die Middle School\" data-id=\"148\" data-full-url=\"https:\/\/marie-namibia.achelpoehler.com\/wp-content\/uploads\/2019\/11\/MG_0327-scaled.jpg\" data-link=\"https:\/\/marie-namibia.achelpoehler.com\/index.php\/startseite\/_mg_0327\/\" class=\"wp-image-148\" srcset=\"https:\/\/marie-namibia.achelpoehler.com\/wp-content\/uploads\/2019\/11\/MG_0327-1024x683.jpg 1024w, https:\/\/marie-namibia.achelpoehler.com\/wp-content\/uploads\/2019\/11\/MG_0327-300x200.jpg 300w, https:\/\/marie-namibia.achelpoehler.com\/wp-content\/uploads\/2019\/11\/MG_0327-768x512.jpg 768w, https:\/\/marie-namibia.achelpoehler.com\/wp-content\/uploads\/2019\/11\/MG_0327-1536x1024.jpg 1536w, https:\/\/marie-namibia.achelpoehler.com\/wp-content\/uploads\/2019\/11\/MG_0327-2048x1365.jpg 2048w\" sizes=\"auto, (max-width: 767px) 89vw, (max-width: 1000px) 54vw, (max-width: 1071px) 543px, 580px\" \/><figcaption class=\"blocks-gallery-item__caption\">Die Middle School<\/figcaption><\/figure><\/li><li class=\"blocks-gallery-item\"><figure><img loading=\"lazy\" decoding=\"async\" width=\"1024\" height=\"683\" src=\"https:\/\/marie-namibia.achelpoehler.com\/wp-content\/uploads\/2019\/11\/MG_0258-1024x683.jpg\" alt=\"Die High School Und links ist noch die K\u00fcche \" data-id=\"149\" data-full-url=\"https:\/\/marie-namibia.achelpoehler.com\/wp-content\/uploads\/2019\/11\/MG_0258-scaled.jpg\" data-link=\"https:\/\/marie-namibia.achelpoehler.com\/index.php\/startseite\/_mg_0258\/\" class=\"wp-image-149\" srcset=\"https:\/\/marie-namibia.achelpoehler.com\/wp-content\/uploads\/2019\/11\/MG_0258-1024x683.jpg 1024w, https:\/\/marie-namibia.achelpoehler.com\/wp-content\/uploads\/2019\/11\/MG_0258-300x200.jpg 300w, https:\/\/marie-namibia.achelpoehler.com\/wp-content\/uploads\/2019\/11\/MG_0258-768x512.jpg 768w, https:\/\/marie-namibia.achelpoehler.com\/wp-content\/uploads\/2019\/11\/MG_0258-1536x1024.jpg 1536w, https:\/\/marie-namibia.achelpoehler.com\/wp-content\/uploads\/2019\/11\/MG_0258-2048x1365.jpg 2048w\" sizes=\"auto, (max-width: 767px) 89vw, (max-width: 1000px) 54vw, (max-width: 1071px) 543px, 580px\" \/><figcaption class=\"blocks-gallery-item__caption\">Die High School<\/figcaption><\/figure><\/li><\/ul><\/figure>\n\n\n\n<div class=\"wp-block-group is-layout-flow wp-block-group-is-layout-flow\"><div class=\"wp-block-group__inner-container\"><\/div><\/div>\n\n\n\n<p><\/p>\n","protected":false},"excerpt":{"rendered":"<p>Lieber Besucher meines Blog&#8217;s, nach meinem Abitur an der Waldorfschule in Kaltenkirchen werde ich im Sommer 2019 f\u00fcr ein Jahr nach Namibia gehen. Ich habe dort eine Stelle als Freiwillige, an der Waldorfschule in Windhoek, angenommen. Ich habe mich f\u00fcr eine Waldorfschule in Afrika entschieden, weil mich zum einen der Kontinent sehr interessiert und zum &hellip; <\/p>\n<p class=\"link-more\"><a href=\"https:\/\/marie-namibia.achelpoehler.com\/\" class=\"more-link\"><span class=\"screen-reader-text\">\u201eStartseite\u201c <\/span>weiterlesen<\/a><\/p>\n","protected":false},"author":1,"featured_media":153,"parent":0,"menu_order":0,"comment_status":"closed","ping_status":"closed","template":"","meta":{"footnotes":""},"class_list":["post-28","page","type-page","status-publish","has-post-thumbnail","hentry"],"_links":{"self":[{"href":"https:\/\/marie-namibia.achelpoehler.com\/index.php\/wp-json\/wp\/v2\/pages\/28","targetHints":{"allow":["GET"]}}],"collection":[{"href":"https:\/\/marie-namibia.achelpoehler.com\/index.php\/wp-json\/wp\/v2\/pages"}],"about":[{"href":"https:\/\/marie-namibia.achelpoehler.com\/index.php\/wp-json\/wp\/v2\/types\/page"}],"author":[{"embeddable":true,"href":"https:\/\/marie-namibia.achelpoehler.com\/index.php\/wp-json\/wp\/v2\/users\/1"}],"replies":[{"embeddable":true,"href":"https:\/\/marie-namibia.achelpoehler.com\/index.php\/wp-json\/wp\/v2\/comments?post=28"}],"version-history":[{"count":8,"href":"https:\/\/marie-namibia.achelpoehler.com\/index.php\/wp-json\/wp\/v2\/pages\/28\/revisions"}],"predecessor-version":[{"id":152,"href":"https:\/\/marie-namibia.achelpoehler.com\/index.php\/wp-json\/wp\/v2\/pages\/28\/revisions\/152"}],"wp:featuredmedia":[{"embeddable":true,"href":"https:\/\/marie-namibia.achelpoehler.com\/index.php\/wp-json\/wp\/v2\/media\/153"}],"wp:attachment":[{"href":"https:\/\/marie-namibia.achelpoehler.com\/index.php\/wp-json\/wp\/v2\/media?parent=28"}],"curies":[{"name":"wp","href":"https:\/\/api.w.org\/{rel}","templated":true}]}}